{"id":18,"date":"2023-06-23T15:33:25","date_gmt":"2023-06-23T13:33:25","guid":{"rendered":"https:\/\/moisanstabac-ara.com\/?page_id=18"},"modified":"2024-10-30T11:29:25","modified_gmt":"2024-10-30T10:29:25","slug":"qui-sommes-nous","status":"publish","type":"page","link":"https:\/\/moisanstabac-ara.com\/?page_id=18","title":{"rendered":"Qui sommes-nous ?"},"content":{"rendered":"\n<p>Pour la neuvi\u00e8me ann\u00e9e cons\u00e9cutive, Sant\u00e9 publique France lance la <a href=\"https:\/\/mois-sans-tabac.tabac-info-service.fr\/\" target=\"_blank\" rel=\"noreferrer noopener\">campagne #MoisSansTabac<\/a> en France. L\u2019objectif principal de la campagne est d\u2019augmenter la proportion de fumeurs s\u2019engageant dans une tentative d\u2019arr\u00eat ; un fumeur ayant cinq fois plus de chances d\u2019arr\u00eater d\u00e9finitivement apr\u00e8s 28 jours d\u2019arr\u00eat.<\/p>\n\n\n\n<p>Positif et collectif, renouvel\u00e9 chaque ann\u00e9e, le Mois sans tabac permet d\u2019accompagner les fumeurs \u00e0 s\u2019inscrire dans une d\u00e9marche d\u2019arr\u00eat durant tout le mois de novembre. En r\u00e9gion, les Agences R\u00e9gionales de Sant\u00e9 (ARS) s\u2019appuient sur un ambassadeur pour d\u00e9ployer la campagne au niveau r\u00e9gional et soutenir les acteurs qui souhaitent la relayer aupr\u00e8s de leurs publics. <\/p>\n\n\n\n<div class=\"wp-block-media-text is-stacked-on-mobile\" style=\"grid-template-columns:20% auto\"><figure class=\"wp-block-media-text__media\"><a href=\"https:\/\/ireps-ara.org\/ind\/m.asp\" target=\"_blank\" rel=\"noreferrer noopener\"><img loading=\"lazy\" decoding=\"async\" width=\"300\" height=\"118\" src=\"https:\/\/moisanstabac-ara.com\/wp-content\/uploads\/2024\/07\/logo_psara.png\" alt=\"Logo Promotion Sant\u00e9 ARA\" class=\"wp-image-937 size-full\"\/><\/a><\/figure><div class=\"wp-block-media-text__content\">\n<p><a href=\"https:\/\/promotion-sante-ara.org\" target=\"_blank\" rel=\"noreferrer noopener\">Promotion Sant\u00e9 Auvergne-Rh\u00f4ne-Alpes<\/a>, sous pilotage de l\u2019<a href=\"https:\/\/www.auvergne-rhone-alpes.ars.sante.fr\/\" target=\"_blank\" rel=\"noreferrer noopener\">ARS Auvergne-Rh\u00f4ne-Alpes<\/a>, renouvelle son engagement en tant qu\u2019ambassadeur r\u00e9gional de la campagne 2024, avec pour pr\u00e9occupation majeure la r\u00e9duction des in\u00e9galit\u00e9s sociales, et genr\u00e9es, en mati\u00e8re de tabagisme. Ce d\u00e9ploiement s\u2019organise en partenariat avec l\u2019<a href=\"https:\/\/addictions-france.org\/\" target=\"_blank\" rel=\"noreferrer noopener\">Association Addictions France<\/a>, l\u2019<a href=\"https:\/\/www.iraat.fr\/\" target=\"_blank\" rel=\"noreferrer noopener\">IRAAT<\/a> dans le Rh\u00f4ne.<\/p>\n<\/div><\/div>\n\n\n\n<p>Ce d\u00e9fi est une initiative de l\u2019ambassadeur r\u00e9gional, avec le soutien financier de l\u2019ARS ARA.<br>Retrouvez notre plaquette <strong><a href=\"https:\/\/moisanstabac-ara.com\/wp-content\/uploads\/2024\/09\/Missions-ambassadeurs_VA5_2.pdf\" target=\"_blank\" rel=\"noreferrer noopener\">Les missions de l\u2019ambassadeur r\u00e9gional Mois sans tabac<\/a><\/strong>.<\/p>\n","protected":false},"excerpt":{"rendered":"<p>Pour la neuvi\u00e8me ann\u00e9e cons\u00e9cutive, Sant\u00e9 publique France lance la campagne #MoisSansTabac en France. L\u2019objectif principal de la campagne est d\u2019augmenter la proportion de fumeurs s\u2019engageant dans une tentative d\u2019arr\u00eat ; un fumeur ayant cinq fois plus de chances d\u2019arr\u00eater &hellip; <a href=\"https:\/\/moisanstabac-ara.com\/?page_id=18\">Continuer la lecture <span class=\"meta-nav\">&rarr;<\/span><\/a><\/p>\n","protected":false},"author":1,"featured_media":0,"parent":0,"menu_order":0,"comment_status":"closed","ping_status":"closed","template":"","meta":{"footnotes":""},"class_list":["post-18","page","type-page","status-publish","hentry"],"_links":{"self":[{"href":"https:\/\/moisanstabac-ara.com\/index.php?rest_route=\/wp\/v2\/pages\/18","targetHints":{"allow":["GET"]}}],"collection":[{"href":"https:\/\/moisanstabac-ara.com\/index.php?rest_route=\/wp\/v2\/pages"}],"about":[{"href":"https:\/\/moisanstabac-ara.com\/index.php?rest_route=\/wp\/v2\/types\/page"}],"author":[{"embeddable":true,"href":"https:\/\/moisanstabac-ara.com\/index.php?rest_route=\/wp\/v2\/users\/1"}],"replies":[{"embeddable":true,"href":"https:\/\/moisanstabac-ara.com\/index.php?rest_route=%2Fwp%2Fv2%2Fcomments&post=18"}],"version-history":[{"count":24,"href":"https:\/\/moisanstabac-ara.com\/index.php?rest_route=\/wp\/v2\/pages\/18\/revisions"}],"predecessor-version":[{"id":1017,"href":"https:\/\/moisanstabac-ara.com\/index.php?rest_route=\/wp\/v2\/pages\/18\/revisions\/1017"}],"wp:attachment":[{"href":"https:\/\/moisanstabac-ara.com\/index.php?rest_route=%2Fwp%2Fv2%2Fmedia&parent=18"}],"curies":[{"name":"wp","href":"https:\/\/api.w.org\/{rel}","templated":true}]}}