{"id":2,"date":"2023-06-23T14:37:35","date_gmt":"2023-06-23T12:37:35","guid":{"rendered":"https:\/\/moisanstabac-ara.com\/?page_id=2"},"modified":"2025-09-18T11:57:01","modified_gmt":"2025-09-18T09:57:01","slug":"page-d-exemple","status":"publish","type":"page","link":"https:\/\/moisanstabac-ara.com\/","title":{"rendered":"Challenge Mois sans tabac en ARA"},"content":{"rendered":"\n<p class=\"has-text-align-left has-white-color has-text-color has-background has-link-color has-large-font-size wp-elements-12f874a9f656392a123d179da61407fa\" style=\"background-color:#1c8d7f\"><strong>En 2025, il n&rsquo;y aura pas d&rsquo;\u00e9dition du Challenge Mois sans tabac en Auvergne-Rh\u00f4ne-Alpes.<\/strong> <strong>Nous esp\u00e9rons vous retrouvez en 2026 !<\/strong><\/p>\n\n\n\n<!--\n\n\n\n<div class=\"wp-block-columns is-layout-flex wp-container-core-columns-is-layout-9d6595d7 wp-block-columns-is-layout-flex\">\n<div class=\"wp-block-column has-background is-layout-flow wp-block-column-is-layout-flow\" style=\"background-color:#1c8d7f\">\n<p class=\"has-text-align-center\">#1C8D7F<\/p>\n<\/div>\n\n\n\n<div class=\"wp-block-column has-background is-layout-flow wp-block-column-is-layout-flow\" style=\"background-color:#cbe5d4\">\n<p class=\"has-text-align-center\">#CBE5D4<\/p>\n<\/div>\n<\/div>\n\n\n\n<div class=\"wp-block-columns is-layout-flex wp-container-core-columns-is-layout-9d6595d7 wp-block-columns-is-layout-flex\">\n<div class=\"wp-block-column has-background is-layout-flow wp-block-column-is-layout-flow\" style=\"background-color:#fff165\">\n<p class=\"has-text-align-center\">#FFF165<\/p>\n<\/div>\n\n\n\n<div class=\"wp-block-column has-background is-layout-flow wp-block-column-is-layout-flow\" style=\"background-color:#cd4f41\">\n<p class=\"has-text-align-center\">#CD4F41<\/p>\n<\/div>\n<\/div>\n\n\n\n<hr class=\"wp-block-separator has-alpha-channel-opacity\"\/>\n\n\n\n-->\n\n\n\n<p>Apr\u00e8s une premi\u00e8re \u00e9dition haute en couleurs, le challenge inter-structures Auvergne-Rh\u00f4ne-Alpes est de retour pour la 9<sup>\u00e8me<\/sup> \u00e9dition du Mois sans tabac.&nbsp;&nbsp;&nbsp;<\/p>\n\n\n\n<div class=\"wp-block-media-text is-stacked-on-mobile is-vertically-aligned-center is-style-default,encart\" style=\"grid-template-columns:25% auto\"><figure class=\"wp-block-media-text__media\"><img loading=\"lazy\" decoding=\"async\" width=\"928\" height=\"902\" src=\"https:\/\/moisanstabac-ara.com\/wp-content\/uploads\/2023\/06\/cigarette_brisee.png\" alt=\"D\u00e9fi MSTAB\" class=\"wp-image-10 size-full\" srcset=\"https:\/\/moisanstabac-ara.com\/wp-content\/uploads\/2023\/06\/cigarette_brisee.png 928w, https:\/\/moisanstabac-ara.com\/wp-content\/uploads\/2023\/06\/cigarette_brisee-300x292.png 300w, https:\/\/moisanstabac-ara.com\/wp-content\/uploads\/2023\/06\/cigarette_brisee-768x746.png 768w\" sizes=\"auto, (max-width: 928px) 100vw, 928px\" \/><\/figure><div class=\"wp-block-media-text__content\">\n<p><strong><mark style=\"background-color:rgba(0, 0, 0, 0);color:#1c8d7f\" class=\"has-inline-color\">Durant tout le mois de novembre<\/mark><\/strong>, participez au challenge en \u00e9quipe et remportez des prix, en r\u00e9alisant trois d\u00e9fis rapides, cr\u00e9atifs, simples et gratuits. Les objectifs de ce d\u00e9fi sont multiples&nbsp;: \u00e9changer avec les coll\u00e8gues \u00e0 l\u2019occasion du Mois sans tabac, comprendre les addictions dans le milieu du travail pour mieux agir, se mobiliser collectivement autour de la cause de l\u2019arr\u00eat du tabac (fumeurs et non-fumeurs), valoriser le Mois sans tabac dans votre structure, partager des moments collaboratifs et cr\u00e9atifs en \u00e9quipe\u2026<\/p>\n<\/div><\/div>\n\n\n\n<p><strong><mark style=\"background-color:rgba(0, 0, 0, 0);color:#1c8d7f\" class=\"has-inline-color\">Tout le monde peut s\u2019impliquer et participer<\/mark><\/strong> au challenge en \u00e9quipe, les fumeurs bien entendu, mais aussi les non-fumeurs. Une \u00e9quipe doit \u00eatre constitu\u00e9e d\u2019au moins deux personnes, avec un r\u00e9f\u00e9rent. Elle doit s\u2019identifier avec un nom d\u2019\u00e9quipe.<\/p>\n\n\n\n<p>Toute structure est invit\u00e9e \u00e0 participer au d\u00e9fi&nbsp;: \u00e9tablissements de sant\u00e9, entreprises, collectivit\u00e9s, associations, \u00e9tablissements scolaires, maisons de sant\u00e9 pluriprofessionnelles, institutions, \u00e9tablissements sociaux et m\u00e9dico-sociaux, cabinets lib\u00e9raux, universit\u00e9s&#8230; de la r\u00e9gion Auvergne-Rh\u00f4ne-Alpes.<\/p>\n\n\n\n<p>Le but est de <strong><mark style=\"background-color:rgba(0, 0, 0, 0);color:#1c8d7f\" class=\"has-inline-color\">soutenir la campagne Mois sans tabac et de participer collectivement \u00e0 un d\u00e9fi engag\u00e9<\/mark><\/strong> sur la r\u00e9gion : entre coll\u00e8gues, avec des patients, dans une classe&#8230;<\/p>\n\n\n\n<div class=\"wp-block-media-text is-stacked-on-mobile is-image-fill-element\" style=\"grid-template-columns:24% auto\"><figure class=\"wp-block-media-text__media\"><img loading=\"lazy\" decoding=\"async\" width=\"212\" height=\"300\" src=\"https:\/\/moisanstabac-ara.com\/wp-content\/uploads\/2024\/10\/2024-10-01-17_03_03-Flyer-challenge-VF_19092024-Mode-protege-PowerPoint-212x300.png\" alt=\"\" class=\"wp-image-997 size-medium\" style=\"object-position:51% 10%\" srcset=\"https:\/\/moisanstabac-ara.com\/wp-content\/uploads\/2024\/10\/2024-10-01-17_03_03-Flyer-challenge-VF_19092024-Mode-protege-PowerPoint-212x300.png 212w, https:\/\/moisanstabac-ara.com\/wp-content\/uploads\/2024\/10\/2024-10-01-17_03_03-Flyer-challenge-VF_19092024-Mode-protege-PowerPoint-500x706.png 500w, https:\/\/moisanstabac-ara.com\/wp-content\/uploads\/2024\/10\/2024-10-01-17_03_03-Flyer-challenge-VF_19092024-Mode-protege-PowerPoint.png 603w\" sizes=\"auto, (max-width: 212px) 100vw, 212px\" \/><\/figure><div class=\"wp-block-media-text__content\">\n<p>Vous souhaitez <strong><mark style=\"background-color:rgba(0, 0, 0, 0);color:#1c8d7f\" class=\"has-inline-color\">communiquer sur le challenge<\/mark><\/strong> et les modalit\u00e9s d&rsquo;inscription ? N&rsquo;h\u00e9sitez pas \u00e0 t\u00e9l\u00e9charger le flyer ci-dessous.<\/p>\n\n\n\n<p class=\"has-text-align-center button_inscription\"><a href=\"https:\/\/moisanstabac-ara.com\/wp-content\/uploads\/2024\/10\/Flyer-challenge-VF_19092024.pdf\" target=\"_blank\" rel=\"noreferrer noopener\">Flyer challenge<\/a><\/p>\n<\/div><\/div>\n\n\n\n<h1 class=\"wp-block-heading\">Les d\u00e9fis en images<\/h1>\n\n\n<div><style id=\"wp_carousel_dynamic_css1124\">.sp-wp-carousel-free-id-1124.wpcf-fancybox-wrapper .fancybox-bg{background: #0b0b0b;opacity: 0.8;}.sp-wp-carousel-free-id-1124.wpcf-fancybox-wrapper .fancybox-navigation .fancybox-button .wpcp-fancybox-nav-arrow i {color: #ccc;}.sp-wp-carousel-free-id-1124.wpcf-fancybox-wrapper .fancybox-navigation .fancybox-button .wpcp-fancybox-nav-arrow i:hover {color: #fff;}.sp-wp-carousel-free-id-1124.wpcf-fancybox-wrapper .fancybox-navigation .fancybox-button {background: #1e1e1e;}.sp-wp-carousel-free-id-1124.wpcf-fancybox-wrapper .fancybox-navigation .fancybox-button:hover {background: #1e1e1e;}#sp-wp-carousel-free-id-1124 .wpcp-swiper-dots {margin: 20px 0px 0px 0px;}.wpcp-wrapper-1124 .swiper-wrapper .swiper-slide-kenburn, .wpcp-wrapper-1124 .swiper-wrapper, .wpcp-wrapper-1124 .wpcpro-row{align-items: center;}#sp-wp-carousel-free-id-1124 .wpcp-single-item {box-shadow: 0px 0px 0px 0px #dddddd;transition: all .3s;margin: 0px;}#sp-wp-carousel-free-id-1124.swiper-flip .wpcp-single-item{margin: 0!important;}#sp-wp-carousel-free-id-1124 .wpcp-single-item:hover {box-shadow: 0px 0px 0px 0px #dddddd;}#sp-wp-carousel-free-id-1124.sp-wpcp-1124 .wpcp-single-item {border: 1px solid #ffffff;} .wpcp-wrapper-1124 .sp-wpcpro-section-title, .postbox .wpcp-wrapper-1124 .sp-wpcpro-section-title, #poststuff .wpcp-wrapper-1124 .sp-wpcpro-section-title { margin-bottom: 5px; }#sp-wp-carousel-free-id-1124.wpcp-carousel-section.sp-wpcp-1124 .swiper-button-prev,#sp-wp-carousel-free-id-1124.wpcp-carousel-section.sp-wpcp-1124 .swiper-button-next,#sp-wp-carousel-free-id-1124.wpcp-carousel-section.sp-wpcp-1124 .swiper-button-prev:hover,#sp-wp-carousel-free-id-1124.wpcp-carousel-section.sp-wpcp-1124 .swiper-button-next:hover {font-size: 18px ; font-weight: 400;}#sp-wp-carousel-free-id-1124.sp-wpcp-1124 .swiper-button-prev,#sp-wp-carousel-free-id-1124.sp-wpcp-1124 .swiper-button-next,#sp-wp-carousel-free-id-1124.sp-wpcp-1124 .swiper-button-prev:hover,#sp-wp-carousel-free-id-1124.sp-wpcp-1124 .swiper-button-next:hover {background: none;border: none;font-size: 30px;}#sp-wp-carousel-free-id-1124.sp-wpcp-1124 .swiper-button-prev i,#sp-wp-carousel-free-id-1124.sp-wpcp-1124 .swiper-button-next i {color: #1c8d7f;}#sp-wp-carousel-free-id-1124.sp-wpcp-1124 .swiper-button-prev i:hover,#sp-wp-carousel-free-id-1124.sp-wpcp-1124 .swiper-button-next i:hover {color: #1c8d7f;}#sp-wp-carousel-free-id-1124.sp-wpcp-1124 .wpcp-swiper-dots .swiper-pagination-bullet {background-color: #c6c6c6;}#sp-wp-carousel-free-id-1124.sp-wpcp-1124 .wpcp-swiper-dots .swiper-pagination-bullet.swiper-pagination-bullet-active {background-color: #178087;} #sp-wp-carousel-free-id-1124.sp-wpcp-1124.wpcp-image-carousel .wpcp-single-item:hover img, #sp-wp-carousel-free-id-1124.sp-wpcp-1124.wpcp-post-carousel .wpcp-single-item:hover img, #sp-wp-carousel-free-id-1124.sp-wpcp-1124.wpcp-product-carousel .wpcp-single-item:hover img{-webkit-transform: scale(1.2);-moz-transform: scale(1.2);transform: scale(1.2);}#sp-wp-carousel-free-id-1124 .wpcpro-row>[class*=\"wpcpro-col-\"] { padding: 0 2.5px; padding-bottom: 5px;} #sp-wp-carousel-free-id-1124 .swiper-slide .single-item-fade:not(:last-child) { margin-right: 5px;}@media (min-width: 480px) { .wpcpro-row .wpcpro-col-sm-1 { flex: 0 0 100%; max-width: 100%; } .wpcpro-row .wpcpro-col-sm-2 { flex: 0 0 50%; max-width: 50%; } .wpcpro-row .wpcpro-col-sm-2-5 { flex: 0 0 75%; max-width: 75%; } .wpcpro-row .wpcpro-col-sm-3 { flex: 0 0 33.333%; max-width: 33.333%; } .wpcpro-row .wpcpro-col-sm-4 { flex: 0 0 25%; max-width: 25%; } .wpcpro-row .wpcpro-col-sm-5 { flex: 0 0 20%; max-width: 20%; } .wpcpro-row .wpcpro-col-sm-6 { flex: 0 0 16.66666666666667%; max-width: 16.66666666666667%; } .wpcpro-row .wpcpro-col-sm-7 { flex: 0 0 14.28571428%; max-width: 14.28571428%; } .wpcpro-row .wpcpro-col-sm-8 { flex: 0 0 12.5%; max-width: 12.5%; } } @media (max-width: 480px) { .wpcpro-row .wpcpro-col-xs-1 { flex: 0 0 100%; max-width: 100%; } .wpcpro-row .wpcpro-col-xs-2 { flex: 0 0 50%; max-width: 50%; } .wpcpro-row .wpcpro-col-xs-3 { flex: 0 0 33.222%; max-width: 33.222%; } .wpcpro-row .wpcpro-col-xs-4 { flex: 0 0 25%; max-width: 25%; } .wpcpro-row .wpcpro-col-xs-5 { flex: 0 0 20%; max-width: 20%; } .wpcpro-row .wpcpro-col-xs-6 { flex: 0 0 16.6667%; max-width: 16.6667%; } .wpcpro-row .wpcpro-col-xs-7 { flex: 0 0 14.28571428%; max-width: 14.28571428%; } .wpcpro-row .wpcpro-col-xs-8 { flex: 0 0 12.5%; max-width: 12.5%; } } @media (min-width: 736px) { .wpcpro-row .wpcpro-col-md-1 { flex: 0 0 100%; max-width: 100%; } .wpcpro-row .wpcpro-col-md-2 { flex: 0 0 50%; max-width: 50%; } .wpcpro-row .wpcpro-col-md-2-5 { flex: 0 0 75%; max-width: 75%; } .wpcpro-row .wpcpro-col-md-3 { flex: 0 0 33.333%; max-width: 33.333%; } .wpcpro-row .wpcpro-col-md-4 { flex: 0 0 25%; max-width: 25%; } .wpcpro-row .wpcpro-col-md-5 { flex: 0 0 20%; max-width: 20%; } .wpcpro-row .wpcpro-col-md-6 { flex: 0 0 16.66666666666667%; max-width: 16.66666666666667%; } .wpcpro-row .wpcpro-col-md-7 { flex: 0 0 14.28571428%; max-width: 14.28571428%; } .wpcpro-row .wpcpro-col-md-8 { flex: 0 0 12.5%; max-width: 12.5%; } } @media (min-width: 980px) { .wpcpro-row .wpcpro-col-lg-1 { flex: 0 0 100%; max-width: 100%; } .wpcpro-row .wpcpro-col-lg-2 { flex: 0 0 50%; max-width: 50%; } .wpcpro-row .wpcpro-col-lg-3 { flex: 0 0 33.222%; max-width: 33.222%; } .wpcpro-row .wpcpro-col-lg-4 { flex: 0 0 25%; max-width: 25%; } .wpcpro-row .wpcpro-col-lg-5 { flex: 0 0 20%; max-width: 20%; } .wpcpro-row .wpcpro-col-lg-6 { flex: 0 0 16.6667%; max-width: 16.6667%; } .wpcpro-row .wpcpro-col-lg-7 { flex: 0 0 14.28571428%; max-width: 14.28571428%; } .wpcpro-row .wpcpro-col-lg-8 { flex: 0 0 12.5%; max-width: 12.5%; } } @media (min-width: 1200px) { .wpcpro-row .wpcpro-col-xl-1 { flex: 0 0 100%; max-width: 100%; } .wpcpro-row .wpcpro-col-xl-2 { flex: 0 0 50%; max-width: 50%; } .wpcpro-row .wpcpro-col-xl-3 { flex: 0 0 33.22222222%; max-width: 33.22222222%; } .wpcpro-row .wpcpro-col-xl-4 { flex: 0 0 25%; max-width: 25%; } .wpcpro-row .wpcpro-col-xl-5 { flex: 0 0 20%; max-width: 20%; } .wpcpro-row .wpcpro-col-xl-6 { flex: 0 0 16.66667%; max-width: 16.66667%; } .wpcpro-row .wpcpro-col-xl-7 { flex: 0 0 14.28571428%; max-width: 14.28571428%; } .wpcpro-row .wpcpro-col-xl-8 { flex: 0 0 12.5%; max-width: 12.5%; } }<\/style><div class=\"wpcp-carousel-wrapper wpcp-wrapper-1124\">\n\t<h2 class=\"sp-wpcpro-section-title\">  <\/h2>\n<div id=\"wpcp-preloader-1124\" class=\"wpcp-carousel-preloader\"><img decoding=\"async\" src=\"https:\/\/moisanstabac-ara.com\/wp-content\/plugins\/wp-carousel-free\/public\/css\/spinner.svg\" alt=\"Preloader Image\" \/><\/div>\t<div class=\"wpcp-carousel-content-wrapper\">\n\t<div id=\"sp-wp-carousel-free-id-1124\" class=\"wpcp-carousel-section sp-wpcp-1124  nav-vertical-center wpcp-image-carousel wpcp-preloader wpcp-standard\" data-swiper='{ &quot;pagination_type&quot;: &quot;dots&quot;,&quot;accessibility&quot;:true, &quot;spaceBetween&quot;:5, &quot;arrows&quot;:true, &quot;freeMode&quot;: false, &quot;autoplay&quot;:true, &quot;effect&quot;: &quot;&quot;, &quot;centerMode&quot;: false, &quot;autoplaySpeed&quot;:3000, &quot;dots&quot;:true, &quot;infinite&quot;:true, &quot;speed&quot;:600, &quot;pauseOnHover&quot;:true,\n\t\t\t&quot;slidesToShow&quot;:{&quot;lg_desktop&quot;:4, &quot;desktop&quot;: 4, &quot;laptop&quot;: 3, &quot;tablet&quot;: 2, &quot;mobile&quot;: 1}, &quot;responsive&quot;:{&quot;desktop&quot;:1200, &quot;laptop&quot;: 980, &quot;tablet&quot;: 736, &quot;mobile&quot;: 480}, &quot;rtl&quot;:false, &quot;lazyLoad&quot;: &quot;false&quot;, &quot;swipe&quot;: true, &quot;draggable&quot;: true, &quot;swipeToSlide&quot;:true }' dir=\"ltr\">\n\t\t<div class=\"swiper-wrapper\">\n\t\t<div class=\"swiper-slide\">\n\t<div class=\"wpcp-single-item\">\n\t\t\t<a class=\"wcp-light-box\" data-buttons='[\"close\"]' data-wpc_url='https:\/\/moisanstabac-ara.com\/wp-content\/uploads\/2025\/01\/Apreto_MelanieRossi.png' href=\"https:\/\/moisanstabac-ara.com\/wp-content\/uploads\/2025\/01\/Apreto_MelanieRossi.png\" data-fancybox=\"wpcp_view\">\n\t\t<figure>\n\t\t\t<img loading=\"lazy\" decoding=\"async\" class=\"skip-lazy\" src=\"https:\/\/moisanstabac-ara.com\/wp-content\/uploads\/2025\/01\/Apreto_MelanieRossi.png\" alt=\"Apreto_MelanieRossi\" width=\"347\" height=\"462\">\t\t<\/figure>\n\t<\/a>\n\t\t<\/div>\n<\/div>\n\t<div class=\"swiper-slide\">\n\t<div class=\"wpcp-single-item\">\n\t\t\t<a class=\"wcp-light-box\" data-buttons='[\"close\"]' data-wpc_url='https:\/\/moisanstabac-ara.com\/wp-content\/uploads\/2025\/01\/Apreto_MelanieRossi2.png' href=\"https:\/\/moisanstabac-ara.com\/wp-content\/uploads\/2025\/01\/Apreto_MelanieRossi2.png\" data-fancybox=\"wpcp_view\">\n\t\t<figure>\n\t\t\t<img loading=\"lazy\" decoding=\"async\" class=\"skip-lazy\" src=\"https:\/\/moisanstabac-ara.com\/wp-content\/uploads\/2025\/01\/Apreto_MelanieRossi2.png\" alt=\"Apreto_MelanieRossi2\" width=\"347\" height=\"462\">\t\t<\/figure>\n\t<\/a>\n\t\t<\/div>\n<\/div>\n\t<div class=\"swiper-slide\">\n\t<div class=\"wpcp-single-item\">\n\t\t\t<a class=\"wcp-light-box\" data-buttons='[\"close\"]' data-wpc_url='https:\/\/moisanstabac-ara.com\/wp-content\/uploads\/2025\/01\/AST74CecileFRUGIER.png' href=\"https:\/\/moisanstabac-ara.com\/wp-content\/uploads\/2025\/01\/AST74CecileFRUGIER.png\" data-fancybox=\"wpcp_view\">\n\t\t<figure>\n\t\t\t<img loading=\"lazy\" decoding=\"async\" class=\"skip-lazy\" src=\"https:\/\/moisanstabac-ara.com\/wp-content\/uploads\/2025\/01\/AST74CecileFRUGIER.png\" alt=\"AST74CecileFRUGIER\" width=\"347\" height=\"462\">\t\t<\/figure>\n\t<\/a>\n\t\t<\/div>\n<\/div>\n\t<div class=\"swiper-slide\">\n\t<div class=\"wpcp-single-item\">\n\t\t\t<a class=\"wcp-light-box\" data-buttons='[\"close\"]' data-wpc_url='https:\/\/moisanstabac-ara.com\/wp-content\/uploads\/2025\/01\/Calque-0.png' href=\"https:\/\/moisanstabac-ara.com\/wp-content\/uploads\/2025\/01\/Calque-0.png\" data-fancybox=\"wpcp_view\">\n\t\t<figure>\n\t\t\t<img loading=\"lazy\" decoding=\"async\" class=\"skip-lazy\" src=\"https:\/\/moisanstabac-ara.com\/wp-content\/uploads\/2025\/01\/Calque-0.png\" alt=\"Calque 0\" width=\"347\" height=\"462\">\t\t<\/figure>\n\t<\/a>\n\t\t<\/div>\n<\/div>\n\t<div class=\"swiper-slide\">\n\t<div class=\"wpcp-single-item\">\n\t\t\t<a class=\"wcp-light-box\" data-buttons='[\"close\"]' data-wpc_url='https:\/\/moisanstabac-ara.com\/wp-content\/uploads\/2025\/01\/Le-Gang-des-marmottes_7.png' href=\"https:\/\/moisanstabac-ara.com\/wp-content\/uploads\/2025\/01\/Le-Gang-des-marmottes_7.png\" data-fancybox=\"wpcp_view\">\n\t\t<figure>\n\t\t\t<img loading=\"lazy\" decoding=\"async\" class=\"skip-lazy\" src=\"https:\/\/moisanstabac-ara.com\/wp-content\/uploads\/2025\/01\/Le-Gang-des-marmottes_7.png\" alt=\"Le Gang des marmottes_7\" width=\"345\" height=\"462\">\t\t<\/figure>\n\t<\/a>\n\t\t<\/div>\n<\/div>\n\t<div class=\"swiper-slide\">\n\t<div class=\"wpcp-single-item\">\n\t\t\t<a class=\"wcp-light-box\" data-buttons='[\"close\"]' data-wpc_url='https:\/\/moisanstabac-ara.com\/wp-content\/uploads\/2025\/01\/Les-degoudronnes-5.png' href=\"https:\/\/moisanstabac-ara.com\/wp-content\/uploads\/2025\/01\/Les-degoudronnes-5.png\" data-fancybox=\"wpcp_view\">\n\t\t<figure>\n\t\t\t<img loading=\"lazy\" decoding=\"async\" class=\"skip-lazy\" src=\"https:\/\/moisanstabac-ara.com\/wp-content\/uploads\/2025\/01\/Les-degoudronnes-5.png\" alt=\"Les d\u00e9goudronn\u00e9s (5)\" width=\"345\" height=\"462\">\t\t<\/figure>\n\t<\/a>\n\t\t<\/div>\n<\/div>\n\t<div class=\"swiper-slide\">\n\t<div class=\"wpcp-single-item\">\n\t\t\t<a class=\"wcp-light-box\" data-buttons='[\"close\"]' data-wpc_url='https:\/\/moisanstabac-ara.com\/wp-content\/uploads\/2025\/01\/Les-puffeuse_IREPS15_JuliaMalartre.png' href=\"https:\/\/moisanstabac-ara.com\/wp-content\/uploads\/2025\/01\/Les-puffeuse_IREPS15_JuliaMalartre.png\" data-fancybox=\"wpcp_view\">\n\t\t<figure>\n\t\t\t<img loading=\"lazy\" decoding=\"async\" class=\"skip-lazy\" src=\"https:\/\/moisanstabac-ara.com\/wp-content\/uploads\/2025\/01\/Les-puffeuse_IREPS15_JuliaMalartre.png\" alt=\"Les puffeuse_IREPS15_JuliaMalartre\" width=\"347\" height=\"462\">\t\t<\/figure>\n\t<\/a>\n\t\t<\/div>\n<\/div>\n\t<div class=\"swiper-slide\">\n\t<div class=\"wpcp-single-item\">\n\t\t\t<a class=\"wcp-light-box\" data-buttons='[\"close\"]' data-wpc_url='https:\/\/moisanstabac-ara.com\/wp-content\/uploads\/2025\/01\/LesEnfumees_CAF15_EvaLarribe.png' href=\"https:\/\/moisanstabac-ara.com\/wp-content\/uploads\/2025\/01\/LesEnfumees_CAF15_EvaLarribe.png\" data-fancybox=\"wpcp_view\">\n\t\t<figure>\n\t\t\t<img loading=\"lazy\" decoding=\"async\" class=\"skip-lazy\" src=\"https:\/\/moisanstabac-ara.com\/wp-content\/uploads\/2025\/01\/LesEnfumees_CAF15_EvaLarribe.png\" alt=\"LesEnfum\u00e9es_CAF15_EvaLarribe\" width=\"347\" height=\"462\">\t\t<\/figure>\n\t<\/a>\n\t\t<\/div>\n<\/div>\n\t<div class=\"swiper-slide\">\n\t<div class=\"wpcp-single-item\">\n\t\t\t<a class=\"wcp-light-box\" data-buttons='[\"close\"]' data-wpc_url='https:\/\/moisanstabac-ara.com\/wp-content\/uploads\/2025\/01\/MetK_ARS_MarieMichel.png' href=\"https:\/\/moisanstabac-ara.com\/wp-content\/uploads\/2025\/01\/MetK_ARS_MarieMichel.png\" data-fancybox=\"wpcp_view\">\n\t\t<figure>\n\t\t\t<img loading=\"lazy\" decoding=\"async\" class=\"skip-lazy\" src=\"https:\/\/moisanstabac-ara.com\/wp-content\/uploads\/2025\/01\/MetK_ARS_MarieMichel.png\" alt=\"MetK_ARS_MarieMichel\" width=\"347\" height=\"462\">\t\t<\/figure>\n\t<\/a>\n\t\t<\/div>\n<\/div>\n\t<div class=\"swiper-slide\">\n\t<div class=\"wpcp-single-item\">\n\t\t\t<a class=\"wcp-light-box\" data-buttons='[\"close\"]' data-wpc_url='https:\/\/moisanstabac-ara.com\/wp-content\/uploads\/2025\/01\/Missionlocale43_Marie-LaureSouvignet.png' href=\"https:\/\/moisanstabac-ara.com\/wp-content\/uploads\/2025\/01\/Missionlocale43_Marie-LaureSouvignet.png\" data-fancybox=\"wpcp_view\">\n\t\t<figure>\n\t\t\t<img loading=\"lazy\" decoding=\"async\" class=\"skip-lazy\" src=\"https:\/\/moisanstabac-ara.com\/wp-content\/uploads\/2025\/01\/Missionlocale43_Marie-LaureSouvignet.png\" alt=\"Missionlocale43_Marie-LaureSouvignet\" width=\"347\" height=\"462\">\t\t<\/figure>\n\t<\/a>\n\t\t<\/div>\n<\/div>\n\t<div class=\"swiper-slide\">\n\t<div class=\"wpcp-single-item\">\n\t\t\t<a class=\"wcp-light-box\" data-buttons='[\"close\"]' data-wpc_url='https:\/\/moisanstabac-ara.com\/wp-content\/uploads\/2025\/01\/SansClopinetteCestPlusChouette_1.png' href=\"https:\/\/moisanstabac-ara.com\/wp-content\/uploads\/2025\/01\/SansClopinetteCestPlusChouette_1.png\" data-fancybox=\"wpcp_view\">\n\t\t<figure>\n\t\t\t<img loading=\"lazy\" decoding=\"async\" class=\"skip-lazy\" src=\"https:\/\/moisanstabac-ara.com\/wp-content\/uploads\/2025\/01\/SansClopinetteCestPlusChouette_1.png\" alt=\"SansClopinetteCestPlusChouette_1\" width=\"347\" height=\"462\">\t\t<\/figure>\n\t<\/a>\n\t\t<\/div>\n<\/div>\n\t<div class=\"swiper-slide\">\n\t<div class=\"wpcp-single-item\">\n\t\t\t<a class=\"wcp-light-box\" data-buttons='[\"close\"]' data-wpc_url='https:\/\/moisanstabac-ara.com\/wp-content\/uploads\/2025\/01\/Synslip.png' href=\"https:\/\/moisanstabac-ara.com\/wp-content\/uploads\/2025\/01\/Synslip.png\" data-fancybox=\"wpcp_view\">\n\t\t<figure>\n\t\t\t<img loading=\"lazy\" decoding=\"async\" class=\"skip-lazy\" src=\"https:\/\/moisanstabac-ara.com\/wp-content\/uploads\/2025\/01\/Synslip.png\" alt=\"Synslip\" width=\"347\" height=\"462\">\t\t<\/figure>\n\t<\/a>\n\t\t<\/div>\n<\/div>\n\t<div class=\"swiper-slide\">\n\t<div class=\"wpcp-single-item\">\n\t\t\t<a class=\"wcp-light-box\" data-buttons='[\"close\"]' data-wpc_url='https:\/\/moisanstabac-ara.com\/wp-content\/uploads\/2025\/01\/twister1.png' href=\"https:\/\/moisanstabac-ara.com\/wp-content\/uploads\/2025\/01\/twister1.png\" data-fancybox=\"wpcp_view\">\n\t\t<figure>\n\t\t\t<img loading=\"lazy\" decoding=\"async\" class=\"skip-lazy\" src=\"https:\/\/moisanstabac-ara.com\/wp-content\/uploads\/2025\/01\/twister1.png\" alt=\"twister1\" width=\"347\" height=\"462\">\t\t<\/figure>\n\t<\/a>\n\t\t<\/div>\n<\/div>\n\t<div class=\"swiper-slide\">\n\t<div class=\"wpcp-single-item\">\n\t\t\t<a class=\"wcp-light-box\" data-buttons='[\"close\"]' data-wpc_url='https:\/\/moisanstabac-ara.com\/wp-content\/uploads\/2025\/01\/Villars_6.png' href=\"https:\/\/moisanstabac-ara.com\/wp-content\/uploads\/2025\/01\/Villars_6.png\" data-fancybox=\"wpcp_view\">\n\t\t<figure>\n\t\t\t<img loading=\"lazy\" decoding=\"async\" class=\"skip-lazy\" src=\"https:\/\/moisanstabac-ara.com\/wp-content\/uploads\/2025\/01\/Villars_6.png\" alt=\"Villars_6\" width=\"347\" height=\"462\">\t\t<\/figure>\n\t<\/a>\n\t\t<\/div>\n<\/div>\n\t<div class=\"swiper-slide\">\n\t<div class=\"wpcp-single-item\">\n\t\t\t<a class=\"wcp-light-box\" data-buttons='[\"close\"]' data-wpc_url='https:\/\/moisanstabac-ara.com\/wp-content\/uploads\/2025\/01\/Villars_7.png' href=\"https:\/\/moisanstabac-ara.com\/wp-content\/uploads\/2025\/01\/Villars_7.png\" data-fancybox=\"wpcp_view\">\n\t\t<figure>\n\t\t\t<img loading=\"lazy\" decoding=\"async\" class=\"skip-lazy\" src=\"https:\/\/moisanstabac-ara.com\/wp-content\/uploads\/2025\/01\/Villars_7.png\" alt=\"Villars_7\" width=\"347\" height=\"462\">\t\t<\/figure>\n\t<\/a>\n\t\t<\/div>\n<\/div>\n\t<div class=\"swiper-slide\">\n\t<div class=\"wpcp-single-item\">\n\t\t\t<a class=\"wcp-light-box\" data-buttons='[\"close\"]' data-wpc_url='https:\/\/moisanstabac-ara.com\/wp-content\/uploads\/2025\/01\/Villars_10.png' href=\"https:\/\/moisanstabac-ara.com\/wp-content\/uploads\/2025\/01\/Villars_10.png\" data-fancybox=\"wpcp_view\">\n\t\t<figure>\n\t\t\t<img loading=\"lazy\" decoding=\"async\" class=\"skip-lazy\" src=\"https:\/\/moisanstabac-ara.com\/wp-content\/uploads\/2025\/01\/Villars_10.png\" alt=\"Villars_10\" width=\"347\" height=\"462\">\t\t<\/figure>\n\t<\/a>\n\t\t<\/div>\n<\/div>\n\t\t\t<\/div>\n\t\t\t\t\t<div class=\"wpcp-swiper-dots swiper-pagination\"><\/div>\n\t\t\t\t<!-- If we need navigation buttons -->\n\t\t\t\t\t<div class=\"wpcp-prev-button swiper-button-prev\"><i class=\"fa fa-angle-left\"><\/i><\/div>\n\t\t\t<div class=\"wpcp-next-button swiper-button-next\"><i class=\"fa fa-angle-right\"><\/i><\/div>\n\t\t\t<\/div>\n\t<\/div>\n<\/div>\n<\/div>","protected":false},"excerpt":{"rendered":"<p>En 2025, il n&rsquo;y aura pas d&rsquo;\u00e9dition du Challenge Mois sans tabac en Auvergne-Rh\u00f4ne-Alpes. Nous esp\u00e9rons vous retrouvez en 2026 ! Apr\u00e8s une premi\u00e8re \u00e9dition haute en couleurs, le challenge inter-structures Auvergne-Rh\u00f4ne-Alpes est de retour pour la 9\u00e8me \u00e9dition du &hellip; <a href=\"https:\/\/moisanstabac-ara.com\/\">Continuer la lecture <span class=\"meta-nav\">&rarr;<\/span><\/a><\/p>\n","protected":false},"author":1,"featured_media":0,"parent":0,"menu_order":0,"comment_status":"closed","ping_status":"open","template":"","meta":{"footnotes":""},"class_list":["post-2","page","type-page","status-publish","hentry"],"_links":{"self":[{"href":"https:\/\/moisanstabac-ara.com\/index.php?rest_route=\/wp\/v2\/pages\/2","targetHints":{"allow":["GET"]}}],"collection":[{"href":"https:\/\/moisanstabac-ara.com\/index.php?rest_route=\/wp\/v2\/pages"}],"about":[{"href":"https:\/\/moisanstabac-ara.com\/index.php?rest_route=\/wp\/v2\/types\/page"}],"author":[{"embeddable":true,"href":"https:\/\/moisanstabac-ara.com\/index.php?rest_route=\/wp\/v2\/users\/1"}],"replies":[{"embeddable":true,"href":"https:\/\/moisanstabac-ara.com\/index.php?rest_route=%2Fwp%2Fv2%2Fcomments&post=2"}],"version-history":[{"count":53,"href":"https:\/\/moisanstabac-ara.com\/index.php?rest_route=\/wp\/v2\/pages\/2\/revisions"}],"predecessor-version":[{"id":1159,"href":"https:\/\/moisanstabac-ara.com\/index.php?rest_route=\/wp\/v2\/pages\/2\/revisions\/1159"}],"wp:attachment":[{"href":"https:\/\/moisanstabac-ara.com\/index.php?rest_route=%2Fwp%2Fv2%2Fmedia&parent=2"}],"curies":[{"name":"wp","href":"https:\/\/api.w.org\/{rel}","templated":true}]}}