{"id":200,"date":"2023-07-21T12:32:16","date_gmt":"2023-07-21T10:32:16","guid":{"rendered":"https:\/\/moisanstabac-ara.com\/?page_id=200"},"modified":"2024-12-17T09:53:31","modified_gmt":"2024-12-17T08:53:31","slug":"inscriptions","status":"publish","type":"page","link":"https:\/\/moisanstabac-ara.com\/?page_id=200","title":{"rendered":"Inscriptions"},"content":{"rendered":"\n<p class=\"has-text-align-center\"><strong><mark style=\"background-color:rgba(0, 0, 0, 0);color:#e94f45\" class=\"has-inline-color\">Le challenge 2024 est termin\u00e9<\/mark><\/strong><mark style=\"background-color:rgba(0, 0, 0, 0);color:#e94f45\" class=\"has-inline-color\"> <strong>! On esp\u00e8re vous retrouver l&rsquo;ann\u00e9e prochaine pour encore plus de d\u00e9fis pour soutenir le Mois sans tabac.<\/strong><\/mark><\/p>\n\n\n\n<p>Pour constituer une \u00e9quipe :<\/p>\n\n\n\n<ul class=\"wp-block-list\">\n<li>\u00catre au minimum <strong><mark style=\"background-color:rgba(0, 0, 0, 0);color:#1c8d7f\" class=\"has-inline-color\">2 personnes<\/mark><\/strong><\/li>\n\n\n\n<li>Choisir un nom d&rsquo;\u00e9quipe et trouver un r\u00e9f\u00e9rent d&rsquo;\u00e9quipe&nbsp;<\/li>\n\n\n\n<li><strong><mark style=\"background-color:rgba(0, 0, 0, 0);color:#1c8d7f\" class=\"has-inline-color\">Inscrire son \u00e9quipe<\/mark><\/strong> en compl\u00e9tant le formulaire d&rsquo;inscription avant le 1er novembre !<\/li>\n\n\n\n<li><strong><mark style=\"background-color:rgba(0, 0, 0, 0);color:#1c8d7f\" class=\"has-inline-color\">Participer aux trois d\u00e9fis<\/mark> <\/strong>pour tenter de remporter les prix<\/li>\n\n\n\n<li>Accepter le <strong><a href=\"https:\/\/moisanstabac-ara.com\/wp-content\/uploads\/2024\/09\/Reglement_jeux_VF.pdf\" target=\"_blank\" rel=\"noreferrer noopener\">r\u00e8glement du jeu<\/a><\/strong><\/li>\n<\/ul>\n\n\n\n<div class=\"wp-block-media-text is-stacked-on-mobile\" style=\"grid-template-columns:25% auto\"><figure class=\"wp-block-media-text__media\"><img loading=\"lazy\" decoding=\"async\" width=\"357\" height=\"389\" src=\"https:\/\/moisanstabac-ara.com\/wp-content\/uploads\/2023\/08\/coupe02.png\" alt=\"\" class=\"wp-image-846 size-full\" srcset=\"https:\/\/moisanstabac-ara.com\/wp-content\/uploads\/2023\/08\/coupe02.png 357w, https:\/\/moisanstabac-ara.com\/wp-content\/uploads\/2023\/08\/coupe02-275x300.png 275w\" sizes=\"auto, (max-width: 357px) 100vw, 357px\" \/><\/figure><div class=\"wp-block-media-text__content\">\n<p>Les dix \u00e9quipes ayant comptabilis\u00e9 le plus de points sur les 3 d\u00e9fis gagneront des lots collectifs. Des lots sp\u00e9cifiques sont pr\u00e9vus pour les trois \u00e9quipes gagnantes&nbsp;!<\/p>\n\n\n\n<ul class=\"wp-block-list\">\n<li>Lot 1&nbsp;: valeur du lot = 300 euros<\/li>\n\n\n\n<li>Lot 2&nbsp;: valeur du lot = 200 euros<\/li>\n\n\n\n<li>Lot 3&nbsp;: valeur du lot = 100 euros<\/li>\n<\/ul>\n\n\n\n<p>Le choix des lots se fera en concertation entre l&rsquo;\u00e9quipe gagnante et Promotion Sant\u00e9 ARA.<\/p>\n<\/div><\/div>\n\n\n\n<p><strong>Retrouvez toutes les actualit\u00e9s de la campagne Mois sans tabac <\/strong><em>(webinaires, sensibilisations, ressources)<\/em> <strong>sur le site de Promotion Sant\u00e9 ARA (ex IREPS ARA).<\/strong><\/p>\n\n\n\n<p class=\"has-text-align-center button_inscription\"><a href=\"https:\/\/www.promotion-sante-ara.org\/mois-sans-tabac\/\" target=\"_blank\" rel=\"noreferrer noopener\">Mois sans tabac en Auvergne-Rh\u00f4ne-Alpes<\/a><\/p>\n\n\n\n<p><\/p>\n\n\n\n<p>Pour toute question concernant le challenge, envoyez-nous un mail \u00e0 l&rsquo;adresse : <a href=\"mailto:challenge-moisanstabac@promotion-sante-ara.org\">challenge-moisanstabac@promotion-sante-ara.org<\/a><\/p>\n","protected":false},"excerpt":{"rendered":"<p>Le challenge 2024 est termin\u00e9 ! On esp\u00e8re vous retrouver l&rsquo;ann\u00e9e prochaine pour encore plus de d\u00e9fis pour soutenir le Mois sans tabac. Pour constituer une \u00e9quipe : Retrouvez toutes les actualit\u00e9s de la campagne Mois sans tabac (webinaires, sensibilisations, &hellip; <a href=\"https:\/\/moisanstabac-ara.com\/?page_id=200\">Continuer la lecture <span class=\"meta-nav\">&rarr;<\/span><\/a><\/p>\n","protected":false},"author":1,"featured_media":0,"parent":0,"menu_order":0,"comment_status":"closed","ping_status":"closed","template":"","meta":{"footnotes":""},"class_list":["post-200","page","type-page","status-publish","hentry"],"_links":{"self":[{"href":"https:\/\/moisanstabac-ara.com\/index.php?rest_route=\/wp\/v2\/pages\/200","targetHints":{"allow":["GET"]}}],"collection":[{"href":"https:\/\/moisanstabac-ara.com\/index.php?rest_route=\/wp\/v2\/pages"}],"about":[{"href":"https:\/\/moisanstabac-ara.com\/index.php?rest_route=\/wp\/v2\/types\/page"}],"author":[{"embeddable":true,"href":"https:\/\/moisanstabac-ara.com\/index.php?rest_route=\/wp\/v2\/users\/1"}],"replies":[{"embeddable":true,"href":"https:\/\/moisanstabac-ara.com\/index.php?rest_route=%2Fwp%2Fv2%2Fcomments&post=200"}],"version-history":[{"count":35,"href":"https:\/\/moisanstabac-ara.com\/index.php?rest_route=\/wp\/v2\/pages\/200\/revisions"}],"predecessor-version":[{"id":1120,"href":"https:\/\/moisanstabac-ara.com\/index.php?rest_route=\/wp\/v2\/pages\/200\/revisions\/1120"}],"wp:attachment":[{"href":"https:\/\/moisanstabac-ara.com\/index.php?rest_route=%2Fwp%2Fv2%2Fmedia&parent=200"}],"curies":[{"name":"wp","href":"https:\/\/api.w.org\/{rel}","templated":true}]}}