{"id":962,"date":"2024-09-26T15:40:00","date_gmt":"2024-09-26T13:40:00","guid":{"rendered":"https:\/\/moisanstabac-ara.com\/?page_id=962"},"modified":"2024-09-26T15:45:31","modified_gmt":"2024-09-26T13:45:31","slug":"defis-2024","status":"publish","type":"page","link":"https:\/\/moisanstabac-ara.com\/?page_id=962","title":{"rendered":"D\u00e9fis 2023"},"content":{"rendered":"\n<p class=\"has-text-color\" style=\"color:#1c8d7f\"><strong>Le challenge est maintenant termin\u00e9&#8230;Il est temps de d\u00e9couvrir les retours des \u00e9quipes aux d\u00e9fis ! <\/strong><\/p>\n\n\n\n<div class=\"wp-block-media-text is-stacked-on-mobile\" style=\"grid-template-columns:41% auto\"><figure class=\"wp-block-media-text__media\"><img loading=\"lazy\" decoding=\"async\" width=\"754\" height=\"344\" src=\"https:\/\/moisanstabac-ara.com\/wp-content\/uploads\/2023\/11\/Capture-decran-2023-11-16-120123.png\" alt=\"\" class=\"wp-image-897 size-full\" srcset=\"https:\/\/moisanstabac-ara.com\/wp-content\/uploads\/2023\/11\/Capture-decran-2023-11-16-120123.png 754w, https:\/\/moisanstabac-ara.com\/wp-content\/uploads\/2023\/11\/Capture-decran-2023-11-16-120123-300x137.png 300w, https:\/\/moisanstabac-ara.com\/wp-content\/uploads\/2023\/11\/Capture-decran-2023-11-16-120123-500x228.png 500w\" sizes=\"auto, (max-width: 754px) 100vw, 754px\" \/><\/figure><div class=\"wp-block-media-text__content\">\n<p class=\"has-text-color has-link-color wp-elements-63456323567ce498de4c92e704ef281f\" style=\"color:#cd4f41\"><mark style=\"background-color:rgba(0, 0, 0, 0);color:#e9564d\" class=\"has-inline-color\"><strong>Retour sur le d\u00e9fi n\u00b01, pas si facile&#8230; <\/strong><br><strong><strong>Voici les r\u00e9ponses <\/strong>!<\/strong><\/mark><\/p>\n\n\n\n<div class=\"wp-block-buttons is-layout-flex wp-container-core-buttons-is-layout-132b0da8 wp-block-buttons-is-layout-flex\">\n<div class=\"wp-block-button\"><a class=\"wp-block-button__link has-background wp-element-button\" href=\"https:\/\/moisanstabac-ara.com\/wp-content\/uploads\/2023\/11\/Defi_1-reponses.pdf\" style=\"background-color:#1c8d7f\" target=\"_blank\" rel=\"noreferrer noopener\"><strong>D\u00e9couvrir les r\u00e9ponses<\/strong><\/a><\/div>\n<\/div>\n<\/div><\/div>\n\n\n\n<div class=\"wp-block-media-text has-media-on-the-right is-stacked-on-mobile\" style=\"grid-template-columns:auto 30%\"><div class=\"wp-block-media-text__content\">\n<p><strong><mark style=\"background-color:rgba(0, 0, 0, 0);color:#e9564d\" class=\"has-inline-color\">Retour sur le d\u00e9fi n\u00b02&#8230;<br>D\u00e9couvrez l&rsquo;imagination et la cr\u00e9ativit\u00e9 des \u00e9quipes dans le book photo !<\/mark><\/strong><\/p>\n\n\n\n<div class=\"wp-block-buttons is-layout-flex wp-container-core-buttons-is-layout-132b0da8 wp-block-buttons-is-layout-flex\">\n<div class=\"wp-block-button\"><a class=\"wp-block-button__link has-background wp-element-button\" href=\"https:\/\/acrobat.adobe.com\/link\/track?uri=urn:aaid:scds:US:01febba7-0d95-3dd1-8824-28f8f7d2796f\" style=\"background-color:#1c8d7f\" target=\"_blank\" rel=\"noreferrer noopener\"><strong>Consulter le book photo<\/strong><\/a><\/div>\n<\/div>\n<\/div><figure class=\"wp-block-media-text__media\"><img loading=\"lazy\" decoding=\"async\" width=\"719\" height=\"1024\" src=\"https:\/\/moisanstabac-ara.com\/wp-content\/uploads\/2023\/12\/Apercu-book-719x1024.png\" alt=\"\" class=\"wp-image-910 size-full\" srcset=\"https:\/\/moisanstabac-ara.com\/wp-content\/uploads\/2023\/12\/Apercu-book-719x1024.png 719w, https:\/\/moisanstabac-ara.com\/wp-content\/uploads\/2023\/12\/Apercu-book-211x300.png 211w, https:\/\/moisanstabac-ara.com\/wp-content\/uploads\/2023\/12\/Apercu-book-768x1094.png 768w, https:\/\/moisanstabac-ara.com\/wp-content\/uploads\/2023\/12\/Apercu-book-500x712.png 500w, https:\/\/moisanstabac-ara.com\/wp-content\/uploads\/2023\/12\/Apercu-book.png 786w\" sizes=\"auto, (max-width: 719px) 100vw, 719px\" \/><\/figure><\/div>\n\n\n\n<div class=\"wp-block-media-text is-stacked-on-mobile\" style=\"grid-template-columns:30% auto\"><figure class=\"wp-block-media-text__media\"><img loading=\"lazy\" decoding=\"async\" width=\"595\" height=\"842\" src=\"https:\/\/moisanstabac-ara.com\/wp-content\/uploads\/2024\/01\/Couv-defi-3-Book.jpg\" alt=\"\" class=\"wp-image-930 size-full\" srcset=\"https:\/\/moisanstabac-ara.com\/wp-content\/uploads\/2024\/01\/Couv-defi-3-Book.jpg 595w, https:\/\/moisanstabac-ara.com\/wp-content\/uploads\/2024\/01\/Couv-defi-3-Book-212x300.jpg 212w, https:\/\/moisanstabac-ara.com\/wp-content\/uploads\/2024\/01\/Couv-defi-3-Book-500x708.jpg 500w\" sizes=\"auto, (max-width: 595px) 100vw, 595px\" \/><\/figure><div class=\"wp-block-media-text__content\">\n<p><strong><mark style=\"background-color:rgba(0, 0, 0, 0);color:#e9564d\" class=\"has-inline-color\">Retour sur le d\u00e9fi n\u00b03&#8230;<br>Une id\u00e9e pause sans cigarette ? Voici les propositions s\u00e9lectionn\u00e9es par le jury !<\/mark><\/strong><\/p>\n\n\n\n<div class=\"wp-block-buttons is-layout-flex wp-block-buttons-is-layout-flex\">\n<div class=\"wp-block-button\"><a class=\"wp-block-button__link has-background wp-element-button\" href=\"https:\/\/acrobat.adobe.com\/link\/track?uri=urn:aaid:scds:US:77d05468-0976-3479-900f-d75cd9a2ddd1\" style=\"background-color:#1c8d7f\" target=\"_blank\" rel=\"noreferrer noopener\"><strong>Voir les id\u00e9es !<\/strong><\/a><\/div>\n<\/div>\n<\/div><\/div>\n\n\n\n<hr class=\"wp-block-separator has-alpha-channel-opacity\"\/>\n\n\n\n<div class=\"wp-block-columns is-layout-flex wp-container-core-columns-is-layout-9d6595d7 wp-block-columns-is-layout-flex\">\n<div class=\"wp-block-column is-layout-flow wp-block-column-is-layout-flow\">\n<figure class=\"wp-block-image size-full\"><a href=\"https:\/\/moisanstabac-ara.com\/wp-content\/uploads\/2023\/11\/challenge_moissanstabac_defi1.pdf\" target=\"_blank\" rel=\"noreferrer noopener\"><img loading=\"lazy\" decoding=\"async\" width=\"425\" height=\"425\" src=\"https:\/\/moisanstabac-ara.com\/wp-content\/uploads\/2023\/07\/mstab_defi1.png\" alt=\"\" class=\"wp-image-303\" srcset=\"https:\/\/moisanstabac-ara.com\/wp-content\/uploads\/2023\/07\/mstab_defi1.png 425w, https:\/\/moisanstabac-ara.com\/wp-content\/uploads\/2023\/07\/mstab_defi1-300x300.png 300w, https:\/\/moisanstabac-ara.com\/wp-content\/uploads\/2023\/07\/mstab_defi1-150x150.png 150w\" sizes=\"auto, (max-width: 425px) 100vw, 425px\" \/><\/a><\/figure>\n\n\n\n<p class=\"has-text-align-center button_defi\"><a href=\"https:\/\/moisanstabac-ara.com\/wp-content\/uploads\/2023\/11\/challenge_moissanstabac_defi1.pdf\" target=\"_blank\" rel=\"noreferrer noopener\"> du 6 au 12 novembre<\/a><em class=\"diigoHighlight id_0683ff678115a2b3ca935f8c3b413e2f type_0 yellow\"><span class=\"diigoHighlightCommentLocator\"><\/span><\/em><\/p>\n<\/div>\n\n\n\n<div class=\"wp-block-column is-layout-flow wp-block-column-is-layout-flow\">\n<figure class=\"wp-block-image size-full\"><img loading=\"lazy\" decoding=\"async\" width=\"425\" height=\"425\" src=\"https:\/\/moisanstabac-ara.com\/wp-content\/uploads\/2023\/07\/mstab_defi2.png\" alt=\"\" class=\"wp-image-304\" srcset=\"https:\/\/moisanstabac-ara.com\/wp-content\/uploads\/2023\/07\/mstab_defi2.png 425w, https:\/\/moisanstabac-ara.com\/wp-content\/uploads\/2023\/07\/mstab_defi2-300x300.png 300w, https:\/\/moisanstabac-ara.com\/wp-content\/uploads\/2023\/07\/mstab_defi2-150x150.png 150w\" sizes=\"auto, (max-width: 425px) 100vw, 425px\" \/><\/figure>\n\n\n\n<p class=\"has-text-align-center button_defi\"><a href=\"https:\/\/moisanstabac-ara.com\/wp-content\/uploads\/2023\/11\/Challenge-MSTAB-defi_2.pdf\" data-type=\"link\" data-id=\"https:\/\/moisanstabac-ara.com\/wp-content\/uploads\/2023\/11\/Challenge-MSTAB-defi_2.pdf\" target=\"_blank\" rel=\"noreferrer noopener\">du 13 au 19 novembre<\/a><\/p>\n<\/div>\n\n\n\n<div class=\"wp-block-column is-layout-flow wp-block-column-is-layout-flow\">\n<figure class=\"wp-block-image size-full\"><img loading=\"lazy\" decoding=\"async\" width=\"424\" height=\"424\" src=\"https:\/\/moisanstabac-ara.com\/wp-content\/uploads\/2023\/07\/mstab_defi3.png\" alt=\"\" class=\"wp-image-302\" srcset=\"https:\/\/moisanstabac-ara.com\/wp-content\/uploads\/2023\/07\/mstab_defi3.png 424w, https:\/\/moisanstabac-ara.com\/wp-content\/uploads\/2023\/07\/mstab_defi3-300x300.png 300w, https:\/\/moisanstabac-ara.com\/wp-content\/uploads\/2023\/07\/mstab_defi3-150x150.png 150w\" sizes=\"auto, (max-width: 424px) 100vw, 424px\" \/><\/figure>\n\n\n\n<p class=\"has-text-align-center button_defi\"><a href=\"https:\/\/moisanstabac-ara.com\/wp-content\/uploads\/2023\/11\/Challenge-MSTAB-defi_3.pdf\" data-type=\"link\" data-id=\"https:\/\/moisanstabac-ara.com\/wp-content\/uploads\/2023\/11\/Challenge-MSTAB-defi_3.pdf\" target=\"_blank\" rel=\"noreferrer noopener\">du 20 au 26 novembre<\/a><\/p>\n<\/div>\n<\/div>\n\n\n\n<p class=\"has-text-align-center\">Faites nous part de vos r\u00e9ponses en les envoyant par mail \u00e0 challenge-moisanstabac@promotion-sante-ara.org en pr\u00e9cisant votre nom d&rsquo;\u00e9quipe !<\/p>\n\n\n\n<hr class=\"wp-block-separator has-alpha-channel-opacity\"\/>\n\n\n\n<!--\n\n\n\n<div class=\"wp-block-columns is-layout-flex wp-container-core-columns-is-layout-9d6595d7 wp-block-columns-is-layout-flex\">\n<div class=\"wp-block-column is-layout-flow wp-block-column-is-layout-flow\">\n<figure class=\"wp-block-image size-full\"><img loading=\"lazy\" decoding=\"async\" width=\"425\" height=\"425\" src=\"https:\/\/moisanstabac-ara.com\/wp-content\/uploads\/2023\/07\/mstab_defi1.png\" alt=\"\" class=\"wp-image-303\" srcset=\"https:\/\/moisanstabac-ara.com\/wp-content\/uploads\/2023\/07\/mstab_defi1.png 425w, https:\/\/moisanstabac-ara.com\/wp-content\/uploads\/2023\/07\/mstab_defi1-300x300.png 300w, https:\/\/moisanstabac-ara.com\/wp-content\/uploads\/2023\/07\/mstab_defi1-150x150.png 150w\" sizes=\"auto, (max-width: 425px) 100vw, 425px\" \/><\/figure>\n\n\n\n<p class=\"has-text-align-center button_defi\">Disponible le 6 novembre<em class=\"diigoHighlight id_0683ff678115a2b3ca935f8c3b413e2f type_0 yellow\"><span class=\"diigoHighlightCommentLocator\"><\/span><\/em><\/p>\n<\/div>\n\n\n\n<div class=\"wp-block-column is-layout-flow wp-block-column-is-layout-flow\">\n<figure class=\"wp-block-image size-full\"><img loading=\"lazy\" decoding=\"async\" width=\"425\" height=\"425\" src=\"https:\/\/moisanstabac-ara.com\/wp-content\/uploads\/2023\/07\/mstab_defi2.png\" alt=\"\" class=\"wp-image-304\" srcset=\"https:\/\/moisanstabac-ara.com\/wp-content\/uploads\/2023\/07\/mstab_defi2.png 425w, https:\/\/moisanstabac-ara.com\/wp-content\/uploads\/2023\/07\/mstab_defi2-300x300.png 300w, https:\/\/moisanstabac-ara.com\/wp-content\/uploads\/2023\/07\/mstab_defi2-150x150.png 150w\" sizes=\"auto, (max-width: 425px) 100vw, 425px\" \/><\/figure>\n\n\n\n<p class=\"has-text-align-center button_defi\">Disponible le 13 novembre<\/p>\n<\/div>\n\n\n\n<div class=\"wp-block-column is-layout-flow wp-block-column-is-layout-flow\">\n<figure class=\"wp-block-image size-full\"><img loading=\"lazy\" decoding=\"async\" width=\"424\" height=\"424\" src=\"https:\/\/moisanstabac-ara.com\/wp-content\/uploads\/2023\/07\/mstab_defi3.png\" alt=\"\" class=\"wp-image-302\" srcset=\"https:\/\/moisanstabac-ara.com\/wp-content\/uploads\/2023\/07\/mstab_defi3.png 424w, https:\/\/moisanstabac-ara.com\/wp-content\/uploads\/2023\/07\/mstab_defi3-300x300.png 300w, https:\/\/moisanstabac-ara.com\/wp-content\/uploads\/2023\/07\/mstab_defi3-150x150.png 150w\" sizes=\"auto, (max-width: 424px) 100vw, 424px\" \/><\/figure>\n\n\n\n<p>Disponible le 20 novembre<\/p>\n<\/div>\n<\/div>\n","protected":false},"excerpt":{"rendered":"<p>Le challenge est maintenant termin\u00e9&#8230;Il est temps de d\u00e9couvrir les retours des \u00e9quipes aux d\u00e9fis ! du 6 au 12 novembre du 13 au 19 novembre du 20 au 26 novembre Faites nous part de vos r\u00e9ponses en les envoyant &hellip; <a href=\"https:\/\/moisanstabac-ara.com\/?page_id=962\">Continuer la lecture <span class=\"meta-nav\">&rarr;<\/span><\/a><\/p>\n","protected":false},"author":1,"featured_media":0,"parent":196,"menu_order":0,"comment_status":"closed","ping_status":"closed","template":"","meta":{"footnotes":""},"class_list":["post-962","page","type-page","status-publish","hentry"],"_links":{"self":[{"href":"https:\/\/moisanstabac-ara.com\/index.php?rest_route=\/wp\/v2\/pages\/962","targetHints":{"allow":["GET"]}}],"collection":[{"href":"https:\/\/moisanstabac-ara.com\/index.php?rest_route=\/wp\/v2\/pages"}],"about":[{"href":"https:\/\/moisanstabac-ara.com\/index.php?rest_route=\/wp\/v2\/types\/page"}],"author":[{"embeddable":true,"href":"https:\/\/moisanstabac-ara.com\/index.php?rest_route=\/wp\/v2\/users\/1"}],"replies":[{"embeddable":true,"href":"https:\/\/moisanstabac-ara.com\/index.php?rest_route=%2Fwp%2Fv2%2Fcomments&post=962"}],"version-history":[{"count":3,"href":"https:\/\/moisanstabac-ara.com\/index.php?rest_route=\/wp\/v2\/pages\/962\/revisions"}],"predecessor-version":[{"id":966,"href":"https:\/\/moisanstabac-ara.com\/index.php?rest_route=\/wp\/v2\/pages\/962\/revisions\/966"}],"up":[{"embeddable":true,"href":"https:\/\/moisanstabac-ara.com\/index.php?rest_route=\/wp\/v2\/pages\/196"}],"wp:attachment":[{"href":"https:\/\/moisanstabac-ara.com\/index.php?rest_route=%2Fwp%2Fv2%2Fmedia&parent=962"}],"curies":[{"name":"wp","href":"https:\/\/api.w.org\/{rel}","templated":true}]}}